{"id":2973,"date":"2024-03-28T19:52:04","date_gmt":"2024-03-28T19:52:04","guid":{"rendered":"https:\/\/smjatcsd.org\/?page_id=2973"},"modified":"2024-04-09T12:32:03","modified_gmt":"2024-04-09T12:32:03","slug":"veteran-application","status":"publish","type":"page","link":"https:\/\/smjatcsd.org\/es\/veteran-application\/","title":{"rendered":"Solicitud para veteranos"},"content":{"rendered":"<div data-elementor-type=\"wp-page\" data-elementor-id=\"2973\" class=\"elementor elementor-2973\" data-elementor-post-type=\"page\">\n\t\t\t\t<div data-particle_enable=\"false\" data-particle-mobile-disabled=\"false\" class=\"elementor-element elementor-element-74b73a8b e-con-full e-flex e-con e-parent\" data-id=\"74b73a8b\" data-element_type=\"container\" data-e-type=\"container\" data-settings=\"{&quot;background_background&quot;:&quot;classic&quot;}\">\n\t\t<div data-particle_enable=\"false\" data-particle-mobile-disabled=\"false\" class=\"elementor-element elementor-element-4051be99 e-con-full e-flex e-con e-child\" data-id=\"4051be99\" data-element_type=\"container\" data-e-type=\"container\" data-settings=\"{&quot;background_background&quot;:&quot;classic&quot;}\">\n\t\t\t\t<div class=\"elementor-element elementor-element-18727841 elementor-widget elementor-widget-heading\" data-id=\"18727841\" data-element_type=\"widget\" data-e-type=\"widget\" data-widget_type=\"heading.default\">\n\t\t\t\t<div class=\"elementor-widget-container\">\n\t\t\t\t\t<h2 class=\"elementor-heading-title elementor-size-default\">Chapa met\u00e1lica JATC San Diego<\/h2>\t\t\t\t<\/div>\n\t\t\t\t<\/div>\n\t\t\t\t<div class=\"elementor-element elementor-element-5f26c510 elementor-widget elementor-widget-heading\" data-id=\"5f26c510\" data-element_type=\"widget\" data-e-type=\"widget\" data-widget_type=\"heading.default\">\n\t\t\t\t<div class=\"elementor-widget-container\">\n\t\t\t\t\t<h2 class=\"elementor-heading-title elementor-size-default\">ACCESO DIRECTO DE LOS VETERANOS AL APRENDIZAJE DE CHAPA MET\u00c1LICA\n<\/h2>\t\t\t\t<\/div>\n\t\t\t\t<\/div>\n\t\t\t\t<div class=\"elementor-element elementor-element-5c321eb7 elementor-widget elementor-widget-text-editor\" data-id=\"5c321eb7\" data-element_type=\"widget\" data-e-type=\"widget\" data-widget_type=\"text-editor.default\">\n\t\t\t\t<div class=\"elementor-widget-container\">\n\t\t\t\t\t\t\t\t\t<p><span style=\"font-weight: 400;\">El Comit\u00e9 Mixto de Formaci\u00f3n de Aprendices de Chapister\u00eda de San Diego da la bienvenida a los Veteranos militares licenciados con honores para solicitar nuestro aprendizaje de chapister\u00eda a trav\u00e9s de nuestro programa de formaci\u00f3n de Entrada Directa. Como veterano militar que ha servido a este gran pa\u00eds, su combinaci\u00f3n \u00fanica de cualidades, incluyendo la disciplina, la precisi\u00f3n y una fuerte \u00e9tica de trabajo se alinea perfectamente con las exigencias de la industria de la chapa met\u00e1lica. Nuestro programa directo ofrece una transici\u00f3n perfecta a una carrera gratificante, donde su experiencia militar ser\u00e1 valorada y respetada. Reconocemos la importancia de apoyar a nuestros veteranos en su transici\u00f3n a la vida civil y nos comprometemos a proporcionarle la formaci\u00f3n, los recursos y las oportunidades necesarias para prosperar en este din\u00e1mico campo. Todos los candidatos deber\u00e1n superar un control de drogas y una entrevista oral. \u00danase a nosotros para seguir construyendo una plantilla s\u00f3lida, basada en los principios de servicio, integridad y excelencia. Presente su solicitud hoy mismo y comience su nueva andadura profesional con nosotros.<\/span><\/p>\t\t\t\t\t\t\t\t<\/div>\n\t\t\t\t<\/div>\n\t\t\t\t<\/div>\n\t\t<div data-particle_enable=\"false\" data-particle-mobile-disabled=\"false\" class=\"elementor-element elementor-element-7d21dcdb e-con-full e-flex e-con e-child\" data-id=\"7d21dcdb\" data-element_type=\"container\" data-e-type=\"container\" data-settings=\"{&quot;background_background&quot;:&quot;classic&quot;}\">\n\t\t\t\t<\/div>\n\t\t\t\t<\/div>\n\t\t<div data-particle_enable=\"false\" data-particle-mobile-disabled=\"false\" class=\"elementor-element elementor-element-fa98557 e-flex e-con-boxed e-con e-parent\" data-id=\"fa98557\" data-element_type=\"container\" data-e-type=\"container\" data-settings=\"{&quot;background_background&quot;:&quot;classic&quot;}\">\n\t\t\t\t\t<div class=\"e-con-inner\">\n\t\t\t\t<div class=\"elementor-element elementor-element-e20a320 uael-timeline--center uael-timeline-responsive-tablet uael-timeline-arrow-center elementor-widget elementor-widget-uael-timeline\" data-id=\"e20a320\" data-element_type=\"widget\" data-e-type=\"widget\" data-widget_type=\"uael-timeline.default\">\n\t\t\t\t<div class=\"elementor-widget-container\">\n\t\t\t\t\t<div class=\"uael-timeline-wrapper uael-timeline-node\">\n\t\n\t<div class=\"uael-timeline-main\">\n\t\t<div class=\"uael-days\">\n\t\t\t\t\t\t\t\t\t\t\t\t<div class=\"elementor-repeater-item-c81a9e6 uael-timeline-field animate-border out-view\">\n\t\t\t\t\t\t<div class=\"uael-timeline-widget uael-timeline-right\">\n\t\t\t\t\t\t\t<div class=\"uael-timeline-marker\">\n\t\t\t\t\t\t\t\t<span class=\"timeline-icon-new out-view-timeline-icon\">\n\t\t\t\t\t\t\t\t\t<svg aria-hidden=\"true\" class=\"e-font-icon-svg e-fas-circle\" viewbox=\"0 0 512 512\" xmlns=\"http:\/\/www.w3.org\/2000\/svg\"><path d=\"M256 8C119 8 8 119 8 256s111 248 248 248 248-111 248-248S393 8 256 8z\"><\/path><\/svg>\t\t\t\t\t\t\t\t<\/span>\n\t\t\t\t\t\t\t<\/div>\n\n\t\t\t\t\t\t\t<div class=\"uael-day-new uael-day-right\">\n\t\t\t\t\t\t\t\t<div class=\"uael-events-new\">\n\t\t\t\t\t\t\t\t\t\t\t\t\t\t\t\t\t\t\t<a href=\"https:\/\/smjatcsd.org\/es\/application\/\" >\n\t\t\t\t\t\t\t\t\t\t\t\t\t\t\t\t\t\t<div class=\"uael-events-inner-new\">\n\t\t\t\t\t\t\t\t\t\t\t\t\t\t\t\t\t\t\t\t\t<div class=\"uael-timeline-date-hide uael-date-inner\"><div class=\"inner-date-new\"><p >Primer paso<\/p><\/div>\n\t\t\t\t\t\t\t\t\t\t\t<\/div>\n\t\t\t\t\t\t\t\t\t\t\t\t\t\t\t\t\t\t\t\t<div class=\"uael-content\">\n\t\t\t\t\t\t\t\t\t\t\t\t\t\t\t\t\t\t\t\t\t\t\t\t\t\t\t\t\t\t\t\t\t<div class=\"uael-timeline-heading-text\">\n\t\t\t\t\t\t\t\t\t\t\t\t<h4 class=\"uael-timeline-heading\">Re\u00fana sus documentos para la solicitud<\/h4>\n\t\t\t\t\t\t\t\t\t\t\t<\/div>\n\t\t\t\t\t\t\t\t\t\t\t\t\t\t\t\t\t\t\t\t\t\t\t\t\t\t\t\t\t\t\t\t\t\t\t\t\t\t\t\t\t\t\t\t\t\t\t\t\t\t\t\t\t\t\t\t<div class=\"uael-timeline-desc-content\"> <ul><li style=\"font-weight: 400\"><span style=\"font-weight: 400\">Miembro-4 DD 214<\/span><\/li><li style=\"font-weight: 400\"><span style=\"font-weight: 400\">T\u00edtulo de bachillerato o GED o equivalente estatal<\/span><\/li><li style=\"font-weight: 400\"><span style=\"font-weight: 400\">Documento de identidad con fotograf\u00eda (preferiblemente permiso de conducir de California)\u00a0<\/span><\/li><li style=\"font-weight: 400\"><span style=\"font-weight: 400\">Documento acreditativo de la edad (partida de nacimiento o pasaporte) <\/span><\/li><\/ul><\/div>\n\t\t\t\t\t\t\t\t\t\t\t\t\t\t\t\t\t\t\t\t\t\t\t\t\t\t\t\t\t\t\t\t<\/div>\n\t\t\t\t\t\t\t\t\t\t\t\t\t\t\t\t\t\t\t\t\t\t\t<div class=\"uael-timeline-arrow\"><\/div>\n\t\t\t\t\t\t\t\t\t\t\t\t\t\t\t\t\t\t\t\t<\/div>\n\t\t\t\t\t\t\t\t\t\t\t\t\t\t\t\t\t\t\t<\/a>\n\t\t\t\t\t\t\t\t\t\t\t\t\t\t\t\t\t<\/div>\n\t\t\t\t\t\t\t<\/div>\n\t\t\t\t\t\t\t\t\t\t\t\t\t\t\t<div class=\"uael-timeline-date-new\">\n\t\t\t\t\t\t\t\t\t<div class=\"uael-date-new\"><div class=\"inner-date-new\"><div >Primer paso<\/div><\/div>\n\t\t\t\t\t\t\t\t\t<\/div>\n\t\t\t\t\t\t\t\t<\/div>\n\t\t\t\t\t\t\t\t\t\t\t\t\t<\/div>\n\t\t\t\t\t<\/div>\n\t\t\t\t\t\t\t\t\t\t\t\t\t\t\t\t\t<div class=\"elementor-repeater-item-ebb18c1 uael-timeline-field animate-border out-view\">\n\t\t\t\t\t\t<div class=\"uael-timeline-widget uael-timeline-left\">\n\t\t\t\t\t\t\t<div class=\"uael-timeline-marker\">\n\t\t\t\t\t\t\t\t<span class=\"timeline-icon-new out-view-timeline-icon\">\n\t\t\t\t\t\t\t\t\t<svg aria-hidden=\"true\" class=\"e-font-icon-svg e-fas-circle\" viewbox=\"0 0 512 512\" xmlns=\"http:\/\/www.w3.org\/2000\/svg\"><path d=\"M256 8C119 8 8 119 8 256s111 248 248 248 248-111 248-248S393 8 256 8z\"><\/path><\/svg>\t\t\t\t\t\t\t\t<\/span>\n\t\t\t\t\t\t\t<\/div>\n\n\t\t\t\t\t\t\t<div class=\"uael-day-new uael-day-left\">\n\t\t\t\t\t\t\t\t<div class=\"uael-events-new\">\n\t\t\t\t\t\t\t\t\t\t\t\t\t\t\t\t\t\t\t<a href=\"https:\/\/smjatcsd.org\/es\/direct-application\/\" >\n\t\t\t\t\t\t\t\t\t\t\t\t\t\t\t\t\t\t<div class=\"uael-events-inner-new\">\n\t\t\t\t\t\t\t\t\t\t\t\t\t\t\t\t\t\t\t\t\t<div class=\"uael-timeline-date-hide uael-date-inner\"><div class=\"inner-date-new\"><p >Paso 2<\/p><\/div>\n\t\t\t\t\t\t\t\t\t\t\t<\/div>\n\t\t\t\t\t\t\t\t\t\t\t\t\t\t\t\t\t\t\t\t<div class=\"uael-content\">\n\t\t\t\t\t\t\t\t\t\t\t\t\t\t\t\t\t\t\t\t\t\t\t\t\t\t\t\t\t\t\t\t\t<div class=\"uael-timeline-heading-text\">\n\t\t\t\t\t\t\t\t\t\t\t\t<h4 class=\"uael-timeline-heading\">Rellene nuestra solicitud de entrada directa<\/h4>\n\t\t\t\t\t\t\t\t\t\t\t<\/div>\n\t\t\t\t\t\t\t\t\t\t\t\t\t\t\t\t\t\t\t\t\t\t\t\t\t\t\t\t\t\t\t\t\t\t\t\t\t\t\t\t\t\t\t\t\t\t\t\t\t\t\t\t\t\t\t\t<div class=\"uael-timeline-desc-content\"> <ul>\n \t<li><strong><a href=\"https:\/\/smjatcsd.org\/es\/direct-application\/\">Encontrar\u00e1 nuestro formulario en l\u00ednea AQU\u00cd. <\/a><\/strong>Una vez enviado el formulario, recibir\u00e1 un correo electr\u00f3nico de confirmaci\u00f3n.<\/li>\n<\/ul><\/div>\n\t\t\t\t\t\t\t\t\t\t\t\t\t\t\t\t\t\t\t\t\t\t\t\t\t\t\t\t\t\t\t\t<\/div>\n\t\t\t\t\t\t\t\t\t\t\t\t\t\t\t\t\t\t\t\t\t\t\t<div class=\"uael-timeline-arrow\"><\/div>\n\t\t\t\t\t\t\t\t\t\t\t\t\t\t\t\t\t\t\t\t<\/div>\n\t\t\t\t\t\t\t\t\t\t\t\t\t\t\t\t\t\t\t<\/a>\n\t\t\t\t\t\t\t\t\t\t\t\t\t\t\t\t\t<\/div>\n\t\t\t\t\t\t\t<\/div>\n\t\t\t\t\t\t\t\t\t\t\t\t\t\t\t<div class=\"uael-timeline-date-new\">\n\t\t\t\t\t\t\t\t\t<div class=\"uael-date-new\"><div class=\"inner-date-new\"><div >Paso 2<\/div><\/div>\n\t\t\t\t\t\t\t\t\t<\/div>\n\t\t\t\t\t\t\t\t<\/div>\n\t\t\t\t\t\t\t\t\t\t\t\t\t<\/div>\n\t\t\t\t\t<\/div>\n\t\t\t\t\t\t\t\t\t\t\t\t\t\t\t\t\t<div class=\"elementor-repeater-item-730f749 uael-timeline-field animate-border out-view\">\n\t\t\t\t\t\t<div class=\"uael-timeline-widget uael-timeline-right\">\n\t\t\t\t\t\t\t<div class=\"uael-timeline-marker\">\n\t\t\t\t\t\t\t\t<span class=\"timeline-icon-new out-view-timeline-icon\">\n\t\t\t\t\t\t\t\t\t<svg aria-hidden=\"true\" class=\"e-font-icon-svg e-fas-circle\" viewbox=\"0 0 512 512\" xmlns=\"http:\/\/www.w3.org\/2000\/svg\"><path d=\"M256 8C119 8 8 119 8 256s111 248 248 248 248-111 248-248S393 8 256 8z\"><\/path><\/svg>\t\t\t\t\t\t\t\t<\/span>\n\t\t\t\t\t\t\t<\/div>\n\n\t\t\t\t\t\t\t<div class=\"uael-day-new uael-day-right\">\n\t\t\t\t\t\t\t\t<div class=\"uael-events-new\">\n\t\t\t\t\t\t\t\t\t\t\t\t\t\t\t\t\t\t<div class=\"uael-events-inner-new\">\n\t\t\t\t\t\t\t\t\t\t\t\t\t\t\t\t\t\t\t\t\t<div class=\"uael-timeline-date-hide uael-date-inner\"><div class=\"inner-date-new\"><p >Paso 3<\/p><\/div>\n\t\t\t\t\t\t\t\t\t\t\t<\/div>\n\t\t\t\t\t\t\t\t\t\t\t\t\t\t\t\t\t\t\t\t<div class=\"uael-content\">\n\t\t\t\t\t\t\t\t\t\t\t\t\t\t\t\t\t\t\t\t\t\t\t\t\t\t\t\t\t\t\t\t\t<div class=\"uael-timeline-heading-text\">\n\t\t\t\t\t\t\t\t\t\t\t\t<h4 class=\"uael-timeline-heading\">Su entrevista<\/h4>\n\t\t\t\t\t\t\t\t\t\t\t<\/div>\n\t\t\t\t\t\t\t\t\t\t\t\t\t\t\t\t\t\t\t\t\t\t\t\t\t\t\t\t\t\t\t\t\t\t\t\t\t\t\t\t\t\t\t\t\t\t\t\t\t\t\t\t\t\t\t\t<div class=\"uael-timeline-desc-content\"> <ul><li><span style=\"font-weight: 400\">Los solicitantes que re\u00fanan las cualificaciones m\u00ednimas podr\u00e1n ser contactados y programados para una entrevista con un subcomit\u00e9 del JATC.\u00a0 <\/span><\/li><\/ul><\/div>\n\t\t\t\t\t\t\t\t\t\t\t\t\t\t\t\t\t\t\t\t\t\t\t\t\t\t\t\t\t\t\t\t<\/div>\n\t\t\t\t\t\t\t\t\t\t\t\t\t\t\t\t\t\t\t\t\t\t\t<div class=\"uael-timeline-arrow\"><\/div>\n\t\t\t\t\t\t\t\t\t\t\t\t\t\t\t\t\t\t\t\t<\/div>\n\t\t\t\t\t\t\t\t\t\t\t\t\t\t\t\t\t<\/div>\n\t\t\t\t\t\t\t<\/div>\n\t\t\t\t\t\t\t\t\t\t\t\t\t\t\t<div class=\"uael-timeline-date-new\">\n\t\t\t\t\t\t\t\t\t<div class=\"uael-date-new\"><div class=\"inner-date-new\"><div >Paso 3<\/div><\/div>\n\t\t\t\t\t\t\t\t\t<\/div>\n\t\t\t\t\t\t\t\t<\/div>\n\t\t\t\t\t\t\t\t\t\t\t\t\t<\/div>\n\t\t\t\t\t<\/div>\n\t\t\t\t\t\t\t\t\t\t\t\t\t\t\t\t\t<div class=\"elementor-repeater-item-8bd8c32 uael-timeline-field animate-border out-view\">\n\t\t\t\t\t\t<div class=\"uael-timeline-widget uael-timeline-left\">\n\t\t\t\t\t\t\t<div class=\"uael-timeline-marker\">\n\t\t\t\t\t\t\t\t<span class=\"timeline-icon-new out-view-timeline-icon\">\n\t\t\t\t\t\t\t\t\t<svg aria-hidden=\"true\" class=\"e-font-icon-svg e-fas-circle\" viewbox=\"0 0 512 512\" xmlns=\"http:\/\/www.w3.org\/2000\/svg\"><path d=\"M256 8C119 8 8 119 8 256s111 248 248 248 248-111 248-248S393 8 256 8z\"><\/path><\/svg>\t\t\t\t\t\t\t\t<\/span>\n\t\t\t\t\t\t\t<\/div>\n\n\t\t\t\t\t\t\t<div class=\"uael-day-new uael-day-left\">\n\t\t\t\t\t\t\t\t<div class=\"uael-events-new\">\n\t\t\t\t\t\t\t\t\t\t\t\t\t\t\t\t\t\t<div class=\"uael-events-inner-new\">\n\t\t\t\t\t\t\t\t\t\t\t\t\t\t\t\t\t\t\t\t\t<div class=\"uael-timeline-date-hide uael-date-inner\"><div class=\"inner-date-new\"><p >Paso 4<\/p><\/div>\n\t\t\t\t\t\t\t\t\t\t\t<\/div>\n\t\t\t\t\t\t\t\t\t\t\t\t\t\t\t\t\t\t\t\t<div class=\"uael-content\">\n\t\t\t\t\t\t\t\t\t\t\t\t\t\t\t\t\t\t\t\t\t\t\t\t\t\t\t\t\t\t\t\t\t<div class=\"uael-timeline-heading-text\">\n\t\t\t\t\t\t\t\t\t\t\t\t<h4 class=\"uael-timeline-heading\">Admisibilidad<\/h4>\n\t\t\t\t\t\t\t\t\t\t\t<\/div>\n\t\t\t\t\t\t\t\t\t\t\t\t\t\t\t\t\t\t\t\t\t\t\t\t\t\t\t\t\t\t\t\t\t\t\t\t\t\t\t\t\t\t\t\t\t\t\t\t\t\t\t\t\t\t\t\t<div class=\"uael-timeline-desc-content\"> <ul><li><p><span style=\"font-weight: 400\">La elegibilidad en el programa se basa en lo siguiente: pasar con \u00e9xito la entrevista oral, pasar la prueba de drogas, disponibilidad geogr\u00e1fica, respuesta oportuna al JATC.  Le notificaremos su estatus una vez completado nuestro proceso.\u00a0<\/span><\/p><\/li><\/ul><\/div>\n\t\t\t\t\t\t\t\t\t\t\t\t\t\t\t\t\t\t\t\t\t\t\t\t\t\t\t\t\t\t\t\t<\/div>\n\t\t\t\t\t\t\t\t\t\t\t\t\t\t\t\t\t\t\t\t\t\t\t<div class=\"uael-timeline-arrow\"><\/div>\n\t\t\t\t\t\t\t\t\t\t\t\t\t\t\t\t\t\t\t\t<\/div>\n\t\t\t\t\t\t\t\t\t\t\t\t\t\t\t\t\t<\/div>\n\t\t\t\t\t\t\t<\/div>\n\t\t\t\t\t\t\t\t\t\t\t\t\t\t\t<div class=\"uael-timeline-date-new\">\n\t\t\t\t\t\t\t\t\t<div class=\"uael-date-new\"><div class=\"inner-date-new\"><div >Paso 4<\/div><\/div>\n\t\t\t\t\t\t\t\t\t<\/div>\n\t\t\t\t\t\t\t\t<\/div>\n\t\t\t\t\t\t\t\t\t\t\t\t\t<\/div>\n\t\t\t\t\t<\/div>\n\t\t\t\t\t\t\t\t\t\t<\/div>\n\t\t<div class=\"uael-timeline__line\">\n\t\t\t<div class=\"uael-timeline__line__inner\"><\/div>\n\t\t<\/div>\n\t<\/div>\n<\/div>\n\n\t\t\t\t<\/div>\n\t\t\t\t<\/div>\n\t\t\t\t\t<\/div>\n\t\t\t\t<\/div>\n\t\t<div data-particle_enable=\"false\" data-particle-mobile-disabled=\"false\" class=\"elementor-element elementor-element-6375caf7 e-flex e-con-boxed e-con e-parent\" data-id=\"6375caf7\" data-element_type=\"container\" data-e-type=\"container\" data-settings=\"{&quot;background_background&quot;:&quot;classic&quot;}\">\n\t\t\t\t\t<div class=\"e-con-inner\">\n\t\t\t\t<div class=\"elementor-element elementor-element-38e0963d elementor-widget elementor-widget-heading\" data-id=\"38e0963d\" data-element_type=\"widget\" data-e-type=\"widget\" data-widget_type=\"heading.default\">\n\t\t\t\t<div class=\"elementor-widget-container\">\n\t\t\t\t\t<h2 class=\"elementor-heading-title elementor-size-default\">\u00bfTiene preguntas? Estamos a su disposici\u00f3n. Llame a nuestra oficina <a href=\"tel:+1619265-2758\">(619) 265-2758 <\/a> o env\u00ede un correo electr\u00f3nico a nuestro Director de Formaci\u00f3n Lorenzo Miles, <a href=\"mailto:lmiles@smjatcsd.org\">lmiles@smjatcsd.org<\/a>\n<br><br>\n<\/h2>\t\t\t\t<\/div>\n\t\t\t\t<\/div>\n\t\t\t\t\t<\/div>\n\t\t\t\t<\/div>\n\t\t\t\t<\/div>","protected":false},"excerpt":{"rendered":"<p>Sheet Metal JATC San Diego DIRECT ENTRY FOR VETERANS INTO THE SHEET METAL APPRENTICESHIP The Sheet Metal Joint Apprenticeship Training Committee San Diego welcomes Honorably Discharged military Veterans to apply to our Sheet Metal apprenticeship through our Direct Entry training program. As a military Veteran who has served this great country, your unique blend of [&hellip;]<\/p>\n","protected":false},"author":2,"featured_media":2899,"parent":0,"menu_order":0,"comment_status":"closed","ping_status":"closed","template":"elementor_header_footer","meta":{"footnotes":""},"class_list":["post-2973","page","type-page","status-publish","has-post-thumbnail","hentry"],"yoast_head":"<!-- This site is optimized with the Yoast SEO plugin v27.2 - https:\/\/yoast.com\/product\/yoast-seo-wordpress\/ -->\n<title>Veteran Application - SHEET METAL JATC SAN DIEGO<\/title>\n<meta name=\"description\" content=\"Take charge of your future now! Apply to the Sheet Metal JATC San Diego apprenticeship training program. Your journey to a rewarding and lucrative career begins here.\" \/>\n<meta name=\"robots\" content=\"index, follow, max-snippet:-1, max-image-preview:large, max-video-preview:-1\" \/>\n<link rel=\"canonical\" href=\"https:\/\/smjatcsd.org\/es\/veteran-application\/\" \/>\n<meta property=\"og:locale\" content=\"es_MX\" \/>\n<meta property=\"og:type\" content=\"article\" \/>\n<meta property=\"og:title\" content=\"Veteran Application - SHEET METAL JATC SAN DIEGO\" \/>\n<meta property=\"og:description\" content=\"Take charge of your future now! Apply to the Sheet Metal JATC San Diego apprenticeship training program. Your journey to a rewarding and lucrative career begins here.\" \/>\n<meta property=\"og:url\" content=\"https:\/\/smjatcsd.org\/es\/veteran-application\/\" \/>\n<meta property=\"og:site_name\" content=\"SHEET METAL JATC SAN DIEGO\" \/>\n<meta property=\"article:modified_time\" content=\"2024-04-09T12:32:03+00:00\" \/>\n<meta property=\"og:image\" content=\"https:\/\/smjatcsd.org\/wp-content\/uploads\/2024\/01\/Cover-Image.webp\" \/>\n\t<meta property=\"og:image:width\" content=\"1200\" \/>\n\t<meta property=\"og:image:height\" content=\"630\" \/>\n\t<meta property=\"og:image:type\" content=\"image\/webp\" \/>\n<meta name=\"twitter:card\" content=\"summary_large_image\" \/>\n<meta name=\"twitter:label1\" content=\"Tiempo de lectura\" \/>\n\t<meta name=\"twitter:data1\" content=\"2 minutos\" \/>\n<script type=\"application\/ld+json\" class=\"yoast-schema-graph\">{\"@context\":\"https:\/\/schema.org\",\"@graph\":[{\"@type\":\"WebPage\",\"@id\":\"https:\/\/smjatcsd.org\/veteran-application\/\",\"url\":\"https:\/\/smjatcsd.org\/veteran-application\/\",\"name\":\"Veteran Application - SHEET METAL JATC SAN DIEGO\",\"isPartOf\":{\"@id\":\"https:\/\/smjatcsd.org\/#website\"},\"primaryImageOfPage\":{\"@id\":\"https:\/\/smjatcsd.org\/veteran-application\/#primaryimage\"},\"image\":{\"@id\":\"https:\/\/smjatcsd.org\/veteran-application\/#primaryimage\"},\"thumbnailUrl\":\"https:\/\/smjatcsd.org\/wp-content\/uploads\/2024\/01\/Cover-Image.webp\",\"datePublished\":\"2024-03-28T19:52:04+00:00\",\"dateModified\":\"2024-04-09T12:32:03+00:00\",\"description\":\"Take charge of your future now! Apply to the Sheet Metal JATC San Diego apprenticeship training program. Your journey to a rewarding and lucrative career begins here.\",\"breadcrumb\":{\"@id\":\"https:\/\/smjatcsd.org\/veteran-application\/#breadcrumb\"},\"inLanguage\":\"es\",\"potentialAction\":[{\"@type\":\"ReadAction\",\"target\":[\"https:\/\/smjatcsd.org\/veteran-application\/\"]}]},{\"@type\":\"ImageObject\",\"inLanguage\":\"es\",\"@id\":\"https:\/\/smjatcsd.org\/veteran-application\/#primaryimage\",\"url\":\"https:\/\/smjatcsd.org\/wp-content\/uploads\/2024\/01\/Cover-Image.webp\",\"contentUrl\":\"https:\/\/smjatcsd.org\/wp-content\/uploads\/2024\/01\/Cover-Image.webp\",\"width\":1200,\"height\":630},{\"@type\":\"BreadcrumbList\",\"@id\":\"https:\/\/smjatcsd.org\/veteran-application\/#breadcrumb\",\"itemListElement\":[{\"@type\":\"ListItem\",\"position\":1,\"name\":\"Home\",\"item\":\"https:\/\/smjatcsd.org\/\"},{\"@type\":\"ListItem\",\"position\":2,\"name\":\"Veteran Application\"}]},{\"@type\":\"WebSite\",\"@id\":\"https:\/\/smjatcsd.org\/#website\",\"url\":\"https:\/\/smjatcsd.org\/\",\"name\":\"SHEET METAL JATC SAN DIEGO\",\"description\":\"\",\"publisher\":{\"@id\":\"https:\/\/smjatcsd.org\/#organization\"},\"potentialAction\":[{\"@type\":\"SearchAction\",\"target\":{\"@type\":\"EntryPoint\",\"urlTemplate\":\"https:\/\/smjatcsd.org\/?s={search_term_string}\"},\"query-input\":{\"@type\":\"PropertyValueSpecification\",\"valueRequired\":true,\"valueName\":\"search_term_string\"}}],\"inLanguage\":\"es\"},{\"@type\":\"Organization\",\"@id\":\"https:\/\/smjatcsd.org\/#organization\",\"name\":\"SHEET METAL JATC SAN DIEGO\",\"url\":\"https:\/\/smjatcsd.org\/\",\"logo\":{\"@type\":\"ImageObject\",\"inLanguage\":\"es\",\"@id\":\"https:\/\/smjatcsd.org\/#\/schema\/logo\/image\/\",\"url\":\"https:\/\/smjatcsd.org\/wp-content\/uploads\/2023\/11\/cropped-Horizontal_Blue.webp\",\"contentUrl\":\"https:\/\/smjatcsd.org\/wp-content\/uploads\/2023\/11\/cropped-Horizontal_Blue.webp\",\"width\":925,\"height\":245,\"caption\":\"SHEET METAL JATC SAN DIEGO\"},\"image\":{\"@id\":\"https:\/\/smjatcsd.org\/#\/schema\/logo\/image\/\"}}]}<\/script>\n<!-- \/ Yoast SEO plugin. -->","yoast_head_json":{"title":"Solicitud Veteranos - SHEET METAL JATC SAN DIEGO","description":"\u00a1Tome las riendas de su futuro ahora! Aplicar a la hoja de metal JATC San Diego programa de formaci\u00f3n de aprendices. Su viaje a una carrera gratificante y lucrativa comienza aqu\u00ed.","robots":{"index":"index","follow":"follow","max-snippet":"max-snippet:-1","max-image-preview":"max-image-preview:large","max-video-preview":"max-video-preview:-1"},"canonical":"https:\/\/smjatcsd.org\/es\/veteran-application\/","og_locale":"es_MX","og_type":"article","og_title":"Veteran Application - SHEET METAL JATC SAN DIEGO","og_description":"Take charge of your future now! Apply to the Sheet Metal JATC San Diego apprenticeship training program. Your journey to a rewarding and lucrative career begins here.","og_url":"https:\/\/smjatcsd.org\/es\/veteran-application\/","og_site_name":"SHEET METAL JATC SAN DIEGO","article_modified_time":"2024-04-09T12:32:03+00:00","og_image":[{"width":1200,"height":630,"url":"https:\/\/smjatcsd.org\/wp-content\/uploads\/2024\/01\/Cover-Image.webp","type":"image\/webp"}],"twitter_card":"summary_large_image","twitter_misc":{"Tiempo de lectura":"2 minutos"},"schema":{"@context":"https:\/\/schema.org","@graph":[{"@type":"WebPage","@id":"https:\/\/smjatcsd.org\/veteran-application\/","url":"https:\/\/smjatcsd.org\/veteran-application\/","name":"Solicitud Veteranos - SHEET METAL JATC SAN DIEGO","isPartOf":{"@id":"https:\/\/smjatcsd.org\/#website"},"primaryImageOfPage":{"@id":"https:\/\/smjatcsd.org\/veteran-application\/#primaryimage"},"image":{"@id":"https:\/\/smjatcsd.org\/veteran-application\/#primaryimage"},"thumbnailUrl":"https:\/\/smjatcsd.org\/wp-content\/uploads\/2024\/01\/Cover-Image.webp","datePublished":"2024-03-28T19:52:04+00:00","dateModified":"2024-04-09T12:32:03+00:00","description":"\u00a1Tome las riendas de su futuro ahora! Aplicar a la hoja de metal JATC San Diego programa de formaci\u00f3n de aprendices. Su viaje a una carrera gratificante y lucrativa comienza aqu\u00ed.","breadcrumb":{"@id":"https:\/\/smjatcsd.org\/veteran-application\/#breadcrumb"},"inLanguage":"es","potentialAction":[{"@type":"ReadAction","target":["https:\/\/smjatcsd.org\/veteran-application\/"]}]},{"@type":"ImageObject","inLanguage":"es","@id":"https:\/\/smjatcsd.org\/veteran-application\/#primaryimage","url":"https:\/\/smjatcsd.org\/wp-content\/uploads\/2024\/01\/Cover-Image.webp","contentUrl":"https:\/\/smjatcsd.org\/wp-content\/uploads\/2024\/01\/Cover-Image.webp","width":1200,"height":630},{"@type":"BreadcrumbList","@id":"https:\/\/smjatcsd.org\/veteran-application\/#breadcrumb","itemListElement":[{"@type":"ListItem","position":1,"name":"Home","item":"https:\/\/smjatcsd.org\/"},{"@type":"ListItem","position":2,"name":"Veteran Application"}]},{"@type":"WebSite","@id":"https:\/\/smjatcsd.org\/#website","url":"https:\/\/smjatcsd.org\/","name":"CHAPA JATC SAN DIEGO","description":"","publisher":{"@id":"https:\/\/smjatcsd.org\/#organization"},"potentialAction":[{"@type":"SearchAction","target":{"@type":"EntryPoint","urlTemplate":"https:\/\/smjatcsd.org\/?s={search_term_string}"},"query-input":{"@type":"PropertyValueSpecification","valueRequired":true,"valueName":"search_term_string"}}],"inLanguage":"es"},{"@type":"Organization","@id":"https:\/\/smjatcsd.org\/#organization","name":"CHAPA JATC SAN DIEGO","url":"https:\/\/smjatcsd.org\/","logo":{"@type":"ImageObject","inLanguage":"es","@id":"https:\/\/smjatcsd.org\/#\/schema\/logo\/image\/","url":"https:\/\/smjatcsd.org\/wp-content\/uploads\/2023\/11\/cropped-Horizontal_Blue.webp","contentUrl":"https:\/\/smjatcsd.org\/wp-content\/uploads\/2023\/11\/cropped-Horizontal_Blue.webp","width":925,"height":245,"caption":"SHEET METAL JATC SAN DIEGO"},"image":{"@id":"https:\/\/smjatcsd.org\/#\/schema\/logo\/image\/"}}]}},"_links":{"self":[{"href":"https:\/\/smjatcsd.org\/es\/wp-json\/wp\/v2\/pages\/2973","targetHints":{"allow":["GET"]}}],"collection":[{"href":"https:\/\/smjatcsd.org\/es\/wp-json\/wp\/v2\/pages"}],"about":[{"href":"https:\/\/smjatcsd.org\/es\/wp-json\/wp\/v2\/types\/page"}],"author":[{"embeddable":true,"href":"https:\/\/smjatcsd.org\/es\/wp-json\/wp\/v2\/users\/2"}],"replies":[{"embeddable":true,"href":"https:\/\/smjatcsd.org\/es\/wp-json\/wp\/v2\/comments?post=2973"}],"version-history":[{"count":35,"href":"https:\/\/smjatcsd.org\/es\/wp-json\/wp\/v2\/pages\/2973\/revisions"}],"predecessor-version":[{"id":3035,"href":"https:\/\/smjatcsd.org\/es\/wp-json\/wp\/v2\/pages\/2973\/revisions\/3035"}],"wp:featuredmedia":[{"embeddable":true,"href":"https:\/\/smjatcsd.org\/es\/wp-json\/wp\/v2\/media\/2899"}],"wp:attachment":[{"href":"https:\/\/smjatcsd.org\/es\/wp-json\/wp\/v2\/media?parent=2973"}],"curies":[{"name":"wp","href":"https:\/\/api.w.org\/{rel}","templated":true}]}}