{"id":1246,"date":"2024-01-02T17:16:42","date_gmt":"2024-01-02T17:16:42","guid":{"rendered":"https:\/\/smjatcsd.org\/?page_id=1246"},"modified":"2024-01-02T17:16:43","modified_gmt":"2024-01-02T17:16:43","slug":"equal-employment-opportunity-pledge","status":"publish","type":"page","link":"https:\/\/smjatcsd.org\/es\/equal-employment-opportunity-pledge\/","title":{"rendered":"Compromiso de igualdad de oportunidades en el empleo"},"content":{"rendered":"<p>&nbsp;<em>Sheet Metal JATC San Diego Promesa de Igualdad de Oportunidades de Empleo:<\/em><\/p>\n\n\n\n<p><em>El Sheet Metal Joint Apprenticeship and Training Committee San Diego no discriminar\u00e1 a los solicitantes de aprendizaje o aprendices por motivos de raza, color, religi\u00f3n, origen nacional, sexo (incluido el embarazo y la identidad o expresi\u00f3n de g\u00e9nero), orientaci\u00f3n sexual, informaci\u00f3n gen\u00e9tica, o por ser una persona con una discapacidad o una persona de 40 a\u00f1os o m\u00e1s. El Sheet Metal Joint Apprenticeship and Training Committee San Diego tomar\u00e1 acci\u00f3n afirmativa para proporcionar igualdad de oportunidades en el aprendizaje y operar\u00e1 el programa de aprendizaje como se requiere bajo el T\u00edtulo 29 del C\u00f3digo de Regulaciones Federales, parte 30.<\/em><\/p>\n\n\n\n<p><em>Su derecho a la igualdad de oportunidades:<\/em><\/p>\n\n\n\n<p><em>Es contrario a la ley que un patrocinador de un programa de aprendizaje registrado a efectos federales discrimine a un solicitante de aprendizaje o aprendiz por motivos de raza, color, religi\u00f3n, origen nacional, sexo, orientaci\u00f3n sexual, identidad o expresi\u00f3n de g\u00e9nero, edad (40 a\u00f1os o m\u00e1s), informaci\u00f3n gen\u00e9tica o discapacidad. El patrocinador debe garantizar la igualdad de oportunidades en relaci\u00f3n con todos los t\u00e9rminos, condiciones y privilegios asociados al aprendizaje. Si cree que ha sido objeto de discriminaci\u00f3n, puede presentar una queja en un plazo de 300 d\u00edas a partir de la fecha de la supuesta discriminaci\u00f3n o del incumplimiento de las normas de igualdad de oportunidades ante el Administrador de Aprendizaje, CA Division of Apprenticeship Standards, 1515 Clay Street, Suite 301, Oakland, CA 94612. Tambi\u00e9n puede presentar quejas directamente ante la EEOC o la Oficina de Empleo Justo y Vivienda de California. Si esas oficinas tienen jurisdicci\u00f3n sobre el patrocinador\/empleador, su informaci\u00f3n de contacto figura a continuaci\u00f3n. Puede ponerse en contacto con la Comisi\u00f3n para la Igualdad de Oportunidades en el Empleo de EE.UU. (EEOC) llamando al 1-800-669-4000 (n\u00famero gratuito) o al 1-800-669-6820 (n\u00famero TTY gratuito para personas con discapacidad auditiva). La informaci\u00f3n sobre las oficinas locales de la EEOC est\u00e1 disponible en www.eeoc.gov o en la mayor\u00eda de las gu\u00edas telef\u00f3nicas en la secci\u00f3n del Gobierno de EE.UU. del Gobierno Federal. Puede ponerse en contacto con el Departamento de Empleo y Vivienda Justos de California (DFEH) llamando al 1-800-884-1684 (voz o a trav\u00e9s del operador de retransmisi\u00f3n 711), TTY 1-800-700-2320, o en l\u00ednea en www.dfeh.gov.<\/em><\/p>\n\n\n\n<p><em>Cada queja presentada debe hacerse por escrito e incluir la siguiente informaci\u00f3n:<\/em><\/p>\n\n\n\n<p><em>Nombre, direcci\u00f3n y n\u00famero de tel\u00e9fono del denunciante, u otros medios para ponerse en contacto con \u00e9l.<\/em><\/p>\n\n\n\n<p><em>La identidad del demandado (es decir, el nombre, la direcci\u00f3n y el n\u00famero de tel\u00e9fono de la persona o entidad que el demandante considera responsable de la discriminaci\u00f3n);<\/em><\/p>\n\n\n\n<p><em>Una breve descripci\u00f3n de los hechos que el demandante considera discriminatorios, que incluya, entre otras cosas, cu\u00e1ndo tuvieron lugar, qu\u00e9 ocurri\u00f3 y por qu\u00e9 cree que las acciones fueron discriminatorias (por ejemplo, por su raza, color, religi\u00f3n, sexo, orientaci\u00f3n sexual, nacionalidad, edad (40 a\u00f1os o m\u00e1s), informaci\u00f3n gen\u00e9tica o discapacidad); y<\/em><\/p>\n\n\n\n<p><em>La firma del demandante o del representante autorizado del demandante.<\/em><\/p>\n\n\n\n<p><em>Preguntas: P\u00f3ngase en contacto con la Oficina JATC en (619) 265-2758 o correo electr\u00f3nico LMiles@smjatcsd.org<\/em><\/p>","protected":false},"excerpt":{"rendered":"<p>&nbsp;Sheet Metal JATC San Diego Equal Employment Opportunity Pledge: The Sheet Metal Joint Apprenticeship and Training Committee San Diego will not discriminate against apprenticeship applicants or apprentices based on race, color, religion, national origin, sex (including pregnancy and gender identity or expression), sexual orientation, genetic information, or because they are an individual with a disability [&hellip;]<\/p>\n","protected":false},"author":2,"featured_media":0,"parent":0,"menu_order":0,"comment_status":"closed","ping_status":"closed","template":"","meta":{"footnotes":""},"class_list":["post-1246","page","type-page","status-publish","hentry"],"yoast_head":"<!-- This site is optimized with the Yoast SEO plugin v27.2 - https:\/\/yoast.com\/product\/yoast-seo-wordpress\/ -->\n<title>Equal Employment Opportunity Pledge - SHEET METAL JATC SAN DIEGO<\/title>\n<meta name=\"robots\" content=\"index, follow, max-snippet:-1, max-image-preview:large, max-video-preview:-1\" \/>\n<link rel=\"canonical\" href=\"https:\/\/smjatcsd.org\/es\/equal-employment-opportunity-pledge\/\" \/>\n<meta property=\"og:locale\" content=\"es_MX\" \/>\n<meta property=\"og:type\" content=\"article\" \/>\n<meta property=\"og:title\" content=\"Equal Employment Opportunity Pledge - SHEET METAL JATC SAN DIEGO\" \/>\n<meta property=\"og:description\" content=\"&nbsp;Sheet Metal JATC San Diego Equal Employment Opportunity Pledge: The Sheet Metal Joint Apprenticeship and Training Committee San Diego will not discriminate against apprenticeship applicants or apprentices based on race, color, religion, national origin, sex (including pregnancy and gender identity or expression), sexual orientation, genetic information, or because they are an individual with a disability [&hellip;]\" \/>\n<meta property=\"og:url\" content=\"https:\/\/smjatcsd.org\/es\/equal-employment-opportunity-pledge\/\" \/>\n<meta property=\"og:site_name\" content=\"SHEET METAL JATC SAN DIEGO\" \/>\n<meta property=\"article:modified_time\" content=\"2024-01-02T17:16:43+00:00\" \/>\n<meta name=\"twitter:card\" content=\"summary_large_image\" \/>\n<meta name=\"twitter:label1\" content=\"Tiempo de lectura\" \/>\n\t<meta name=\"twitter:data1\" content=\"2 minutos\" \/>\n<script type=\"application\/ld+json\" class=\"yoast-schema-graph\">{\"@context\":\"https:\/\/schema.org\",\"@graph\":[{\"@type\":\"WebPage\",\"@id\":\"https:\/\/smjatcsd.org\/equal-employment-opportunity-pledge\/\",\"url\":\"https:\/\/smjatcsd.org\/equal-employment-opportunity-pledge\/\",\"name\":\"Equal Employment Opportunity Pledge - SHEET METAL JATC SAN DIEGO\",\"isPartOf\":{\"@id\":\"https:\/\/smjatcsd.org\/#website\"},\"datePublished\":\"2024-01-02T17:16:42+00:00\",\"dateModified\":\"2024-01-02T17:16:43+00:00\",\"breadcrumb\":{\"@id\":\"https:\/\/smjatcsd.org\/equal-employment-opportunity-pledge\/#breadcrumb\"},\"inLanguage\":\"es\",\"potentialAction\":[{\"@type\":\"ReadAction\",\"target\":[\"https:\/\/smjatcsd.org\/equal-employment-opportunity-pledge\/\"]}]},{\"@type\":\"BreadcrumbList\",\"@id\":\"https:\/\/smjatcsd.org\/equal-employment-opportunity-pledge\/#breadcrumb\",\"itemListElement\":[{\"@type\":\"ListItem\",\"position\":1,\"name\":\"Home\",\"item\":\"https:\/\/smjatcsd.org\/\"},{\"@type\":\"ListItem\",\"position\":2,\"name\":\"Equal Employment Opportunity Pledge\"}]},{\"@type\":\"WebSite\",\"@id\":\"https:\/\/smjatcsd.org\/#website\",\"url\":\"https:\/\/smjatcsd.org\/\",\"name\":\"SHEET METAL JATC SAN DIEGO\",\"description\":\"\",\"publisher\":{\"@id\":\"https:\/\/smjatcsd.org\/#organization\"},\"potentialAction\":[{\"@type\":\"SearchAction\",\"target\":{\"@type\":\"EntryPoint\",\"urlTemplate\":\"https:\/\/smjatcsd.org\/?s={search_term_string}\"},\"query-input\":{\"@type\":\"PropertyValueSpecification\",\"valueRequired\":true,\"valueName\":\"search_term_string\"}}],\"inLanguage\":\"es\"},{\"@type\":\"Organization\",\"@id\":\"https:\/\/smjatcsd.org\/#organization\",\"name\":\"SHEET METAL JATC SAN DIEGO\",\"url\":\"https:\/\/smjatcsd.org\/\",\"logo\":{\"@type\":\"ImageObject\",\"inLanguage\":\"es\",\"@id\":\"https:\/\/smjatcsd.org\/#\/schema\/logo\/image\/\",\"url\":\"https:\/\/smjatcsd.org\/wp-content\/uploads\/2023\/11\/cropped-Horizontal_Blue.webp\",\"contentUrl\":\"https:\/\/smjatcsd.org\/wp-content\/uploads\/2023\/11\/cropped-Horizontal_Blue.webp\",\"width\":925,\"height\":245,\"caption\":\"SHEET METAL JATC SAN DIEGO\"},\"image\":{\"@id\":\"https:\/\/smjatcsd.org\/#\/schema\/logo\/image\/\"}}]}<\/script>\n<!-- \/ Yoast SEO plugin. -->","yoast_head_json":{"title":"Compromiso de igualdad de oportunidades en el empleo - SHEET METAL JATC SAN DIEGO","robots":{"index":"index","follow":"follow","max-snippet":"max-snippet:-1","max-image-preview":"max-image-preview:large","max-video-preview":"max-video-preview:-1"},"canonical":"https:\/\/smjatcsd.org\/es\/equal-employment-opportunity-pledge\/","og_locale":"es_MX","og_type":"article","og_title":"Equal Employment Opportunity Pledge - SHEET METAL JATC SAN DIEGO","og_description":"&nbsp;Sheet Metal JATC San Diego Equal Employment Opportunity Pledge: The Sheet Metal Joint Apprenticeship and Training Committee San Diego will not discriminate against apprenticeship applicants or apprentices based on race, color, religion, national origin, sex (including pregnancy and gender identity or expression), sexual orientation, genetic information, or because they are an individual with a disability [&hellip;]","og_url":"https:\/\/smjatcsd.org\/es\/equal-employment-opportunity-pledge\/","og_site_name":"SHEET METAL JATC SAN DIEGO","article_modified_time":"2024-01-02T17:16:43+00:00","twitter_card":"summary_large_image","twitter_misc":{"Tiempo de lectura":"2 minutos"},"schema":{"@context":"https:\/\/schema.org","@graph":[{"@type":"WebPage","@id":"https:\/\/smjatcsd.org\/equal-employment-opportunity-pledge\/","url":"https:\/\/smjatcsd.org\/equal-employment-opportunity-pledge\/","name":"Compromiso de igualdad de oportunidades en el empleo - SHEET METAL JATC SAN DIEGO","isPartOf":{"@id":"https:\/\/smjatcsd.org\/#website"},"datePublished":"2024-01-02T17:16:42+00:00","dateModified":"2024-01-02T17:16:43+00:00","breadcrumb":{"@id":"https:\/\/smjatcsd.org\/equal-employment-opportunity-pledge\/#breadcrumb"},"inLanguage":"es","potentialAction":[{"@type":"ReadAction","target":["https:\/\/smjatcsd.org\/equal-employment-opportunity-pledge\/"]}]},{"@type":"BreadcrumbList","@id":"https:\/\/smjatcsd.org\/equal-employment-opportunity-pledge\/#breadcrumb","itemListElement":[{"@type":"ListItem","position":1,"name":"Home","item":"https:\/\/smjatcsd.org\/"},{"@type":"ListItem","position":2,"name":"Equal Employment Opportunity Pledge"}]},{"@type":"WebSite","@id":"https:\/\/smjatcsd.org\/#website","url":"https:\/\/smjatcsd.org\/","name":"CHAPA JATC SAN DIEGO","description":"","publisher":{"@id":"https:\/\/smjatcsd.org\/#organization"},"potentialAction":[{"@type":"SearchAction","target":{"@type":"EntryPoint","urlTemplate":"https:\/\/smjatcsd.org\/?s={search_term_string}"},"query-input":{"@type":"PropertyValueSpecification","valueRequired":true,"valueName":"search_term_string"}}],"inLanguage":"es"},{"@type":"Organization","@id":"https:\/\/smjatcsd.org\/#organization","name":"CHAPA JATC SAN DIEGO","url":"https:\/\/smjatcsd.org\/","logo":{"@type":"ImageObject","inLanguage":"es","@id":"https:\/\/smjatcsd.org\/#\/schema\/logo\/image\/","url":"https:\/\/smjatcsd.org\/wp-content\/uploads\/2023\/11\/cropped-Horizontal_Blue.webp","contentUrl":"https:\/\/smjatcsd.org\/wp-content\/uploads\/2023\/11\/cropped-Horizontal_Blue.webp","width":925,"height":245,"caption":"SHEET METAL JATC SAN DIEGO"},"image":{"@id":"https:\/\/smjatcsd.org\/#\/schema\/logo\/image\/"}}]}},"_links":{"self":[{"href":"https:\/\/smjatcsd.org\/es\/wp-json\/wp\/v2\/pages\/1246","targetHints":{"allow":["GET"]}}],"collection":[{"href":"https:\/\/smjatcsd.org\/es\/wp-json\/wp\/v2\/pages"}],"about":[{"href":"https:\/\/smjatcsd.org\/es\/wp-json\/wp\/v2\/types\/page"}],"author":[{"embeddable":true,"href":"https:\/\/smjatcsd.org\/es\/wp-json\/wp\/v2\/users\/2"}],"replies":[{"embeddable":true,"href":"https:\/\/smjatcsd.org\/es\/wp-json\/wp\/v2\/comments?post=1246"}],"version-history":[{"count":1,"href":"https:\/\/smjatcsd.org\/es\/wp-json\/wp\/v2\/pages\/1246\/revisions"}],"predecessor-version":[{"id":1248,"href":"https:\/\/smjatcsd.org\/es\/wp-json\/wp\/v2\/pages\/1246\/revisions\/1248"}],"wp:attachment":[{"href":"https:\/\/smjatcsd.org\/es\/wp-json\/wp\/v2\/media?parent=1246"}],"curies":[{"name":"wp","href":"https:\/\/api.w.org\/{rel}","templated":true}]}}